{"id":33,"date":"2022-10-18T15:49:01","date_gmt":"2022-10-18T15:49:01","guid":{"rendered":"https:\/\/estancialagloria.zmoton.com\/?page_id=33"},"modified":"2025-09-18T09:46:21","modified_gmt":"2025-09-18T12:46:21","slug":"ganaderia","status":"publish","type":"page","link":"https:\/\/estancialagloria.com\/index.php\/ganaderia\/","title":{"rendered":"Ganader\u00eda"},"content":{"rendered":"\t\t<div data-elementor-type=\"wp-page\" data-elementor-id=\"33\" class=\"elementor elementor-33\" data-elementor-post-type=\"page\">\n\t\t\t\t\t\t<section class=\"elementor-section elementor-top-section elementor-element elementor-element-baddcaa elementor-section-full_width elementor-section-height-default elementor-section-height-default elementor-invisible\" data-id=\"baddcaa\" data-element_type=\"section\" data-e-type=\"section\" data-settings=\"{&quot;background_background&quot;:&quot;classic&quot;,&quot;animation&quot;:&quot;fadeIn&quot;}\">\n\t\t\t\t\t\t<div class=\"elementor-container elementor-column-gap-default\">\n\t\t\t\t\t<div class=\"elementor-column elementor-col-50 elementor-top-column elementor-element elementor-element-ae15c56\" data-id=\"ae15c56\" data-element_type=\"column\" data-e-type=\"column\" data-settings=\"{&quot;background_background&quot;:&quot;classic&quot;}\">\n\t\t\t<div class=\"elementor-widget-wrap elementor-element-populated\">\n\t\t\t\t\t\t<div class=\"elementor-element elementor-element-001d922 elementor-widget elementor-widget-heading\" data-id=\"001d922\" data-element_type=\"widget\" data-e-type=\"widget\" data-widget_type=\"heading.default\">\n\t\t\t\t<div class=\"elementor-widget-container\">\n\t\t\t\t\t<h2 class=\"elementor-heading-title elementor-size-default\">GANADER\u00cdA<\/h2>\t\t\t\t<\/div>\n\t\t\t\t<\/div>\n\t\t\t\t<div class=\"elementor-element elementor-element-bb0b4a2 elementor-widget elementor-widget-heading\" data-id=\"bb0b4a2\" data-element_type=\"widget\" data-e-type=\"widget\" data-widget_type=\"heading.default\">\n\t\t\t\t<div class=\"elementor-widget-container\">\n\t\t\t\t\t<h2 class=\"elementor-heading-title elementor-size-default\">CONOCE C\u00d3MO TRABAJAMOS EL GANADO<\/h2>\t\t\t\t<\/div>\n\t\t\t\t<\/div>\n\t\t\t\t\t<\/div>\n\t\t<\/div>\n\t\t\t\t<div class=\"elementor-column elementor-col-50 elementor-top-column elementor-element elementor-element-ecb398a\" data-id=\"ecb398a\" data-element_type=\"column\" data-e-type=\"column\">\n\t\t\t<div class=\"elementor-widget-wrap elementor-element-populated\">\n\t\t\t\t\t\t<div class=\"elementor-element elementor-element-9b3f059 elementor-widget elementor-widget-image\" data-id=\"9b3f059\" data-element_type=\"widget\" data-e-type=\"widget\" data-widget_type=\"image.default\">\n\t\t\t\t<div class=\"elementor-widget-container\">\n\t\t\t\t\t\t\t\t\t\t\t\t\t\t\t<img fetchpriority=\"high\" decoding=\"async\" width=\"952\" height=\"706\" src=\"https:\/\/estancialagloria.com\/wp-content\/uploads\/2022\/10\/Group-4.png\" class=\"attachment-full size-full wp-image-70\" alt=\"\" srcset=\"https:\/\/estancialagloria.com\/wp-content\/uploads\/2022\/10\/Group-4.png 952w, https:\/\/estancialagloria.com\/wp-content\/uploads\/2022\/10\/Group-4-300x222.png 300w, https:\/\/estancialagloria.com\/wp-content\/uploads\/2022\/10\/Group-4-768x570.png 768w\" sizes=\"(max-width: 952px) 100vw, 952px\" \/>\t\t\t\t\t\t\t\t\t\t\t\t\t\t\t<\/div>\n\t\t\t\t<\/div>\n\t\t\t\t\t<\/div>\n\t\t<\/div>\n\t\t\t\t\t<\/div>\n\t\t<\/section>\n\t\t\t\t<section class=\"elementor-section elementor-top-section elementor-element elementor-element-c7be485 elementor-section-full_width elementor-section-height-default elementor-section-height-default\" data-id=\"c7be485\" data-element_type=\"section\" data-e-type=\"section\" id=\"ganader\u00eda\">\n\t\t\t\t\t\t<div class=\"elementor-container elementor-column-gap-default\">\n\t\t\t\t\t<div class=\"elementor-column elementor-col-50 elementor-top-column elementor-element elementor-element-2a290ed\" data-id=\"2a290ed\" data-element_type=\"column\" data-e-type=\"column\">\n\t\t\t<div class=\"elementor-widget-wrap elementor-element-populated\">\n\t\t\t\t\t\t<div class=\"elementor-element elementor-element-c3c30e1 elementor-invisible elementor-widget elementor-widget-image\" data-id=\"c3c30e1\" data-element_type=\"widget\" data-e-type=\"widget\" data-settings=\"{&quot;_animation&quot;:&quot;fadeInRight&quot;}\" data-widget_type=\"image.default\">\n\t\t\t\t<div class=\"elementor-widget-container\">\n\t\t\t\t\t\t\t\t\t\t\t\t\t\t\t<img decoding=\"async\" width=\"1080\" height=\"1080\" src=\"https:\/\/estancialagloria.com\/wp-content\/uploads\/2022\/12\/Diseno-sin-titulo.png\" class=\"attachment-full size-full wp-image-586\" alt=\"\" srcset=\"https:\/\/estancialagloria.com\/wp-content\/uploads\/2022\/12\/Diseno-sin-titulo.png 1080w, https:\/\/estancialagloria.com\/wp-content\/uploads\/2022\/12\/Diseno-sin-titulo-300x300.png 300w, https:\/\/estancialagloria.com\/wp-content\/uploads\/2022\/12\/Diseno-sin-titulo-1024x1024.png 1024w, https:\/\/estancialagloria.com\/wp-content\/uploads\/2022\/12\/Diseno-sin-titulo-150x150.png 150w, https:\/\/estancialagloria.com\/wp-content\/uploads\/2022\/12\/Diseno-sin-titulo-768x768.png 768w, https:\/\/estancialagloria.com\/wp-content\/uploads\/2022\/12\/Diseno-sin-titulo-600x600.png 600w\" sizes=\"(max-width: 1080px) 100vw, 1080px\" \/>\t\t\t\t\t\t\t\t\t\t\t\t\t\t\t<\/div>\n\t\t\t\t<\/div>\n\t\t\t\t\t<\/div>\n\t\t<\/div>\n\t\t\t\t<div class=\"elementor-column elementor-col-50 elementor-top-column elementor-element elementor-element-ab71eef elementor-invisible\" data-id=\"ab71eef\" data-element_type=\"column\" data-e-type=\"column\" data-settings=\"{&quot;animation&quot;:&quot;fadeInLeft&quot;}\">\n\t\t\t<div class=\"elementor-widget-wrap elementor-element-populated\">\n\t\t\t\t\t\t<div class=\"elementor-element elementor-element-4d81216 elementor-widget elementor-widget-heading\" data-id=\"4d81216\" data-element_type=\"widget\" data-e-type=\"widget\" data-widget_type=\"heading.default\">\n\t\t\t\t<div class=\"elementor-widget-container\">\n\t\t\t\t\t<h3 class=\"elementor-heading-title elementor-size-default\">GANADER\u00cdA<\/h3>\t\t\t\t<\/div>\n\t\t\t\t<\/div>\n\t\t\t\t<div class=\"elementor-element elementor-element-efeec50 elementor-widget elementor-widget-heading\" data-id=\"efeec50\" data-element_type=\"widget\" data-e-type=\"widget\" data-widget_type=\"heading.default\">\n\t\t\t\t<div class=\"elementor-widget-container\">\n\t\t\t\t\t<h2 class=\"elementor-heading-title elementor-size-default\">Engorde de vacunos.<\/h2>\t\t\t\t<\/div>\n\t\t\t\t<\/div>\n\t\t\t\t<div class=\"elementor-element elementor-element-5455433 elementor-widget elementor-widget-text-editor\" data-id=\"5455433\" data-element_type=\"widget\" data-e-type=\"widget\" data-widget_type=\"text-editor.default\">\n\t\t\t\t<div class=\"elementor-widget-container\">\n\t\t\t\t\t\t\t\t\t<p>Actualmente en Agropecuar\u00eda Puerto Gomez no se trabaja con ganado de cr\u00eda. Sino que se compran terneros y vacas de productores locales y lo que se realiza es el engorde de estos animales. El proceso de engorde se realiza a pasto. Las pasturas est\u00e1n compuestas principalmente por: tr\u00e9bol blanco, lotus, festuca. La rotaci\u00f3n de pasturas es de 3 a\u00f1os aproximadamente, luego de este tiempo el campo se utiliza para la agricultura. Y este proceso se repite c\u00edclicamente.<\/p><p>En ocasiones se complementa la alimentaci\u00f3n con raci\u00f3n. Algunos animales pasan por el feedlot, para obtener un mayor peso y una carne de mayor calidad.<\/p>\t\t\t\t\t\t\t\t<\/div>\n\t\t\t\t<\/div>\n\t\t\t\t\t<\/div>\n\t\t<\/div>\n\t\t\t\t\t<\/div>\n\t\t<\/section>\n\t\t\t\t<section class=\"elementor-section elementor-top-section elementor-element elementor-element-2b4800b elementor-section-boxed elementor-section-height-default elementor-section-height-default\" data-id=\"2b4800b\" data-element_type=\"section\" data-e-type=\"section\" data-settings=\"{&quot;background_background&quot;:&quot;classic&quot;}\">\n\t\t\t\t\t\t<div class=\"elementor-container elementor-column-gap-default\">\n\t\t\t\t\t<div class=\"elementor-column elementor-col-100 elementor-top-column elementor-element elementor-element-ec98672\" data-id=\"ec98672\" data-element_type=\"column\" data-e-type=\"column\">\n\t\t\t<div class=\"elementor-widget-wrap elementor-element-populated\">\n\t\t\t\t\t\t<div class=\"elementor-element elementor-element-c4d4f23 elementor-widget elementor-widget-gallery\" data-id=\"c4d4f23\" data-element_type=\"widget\" data-e-type=\"widget\" data-settings=\"{&quot;lazyload&quot;:&quot;yes&quot;,&quot;gallery_layout&quot;:&quot;grid&quot;,&quot;columns&quot;:4,&quot;columns_tablet&quot;:2,&quot;columns_mobile&quot;:1,&quot;gap&quot;:{&quot;unit&quot;:&quot;px&quot;,&quot;size&quot;:10,&quot;sizes&quot;:[]},&quot;gap_tablet&quot;:{&quot;unit&quot;:&quot;px&quot;,&quot;size&quot;:10,&quot;sizes&quot;:[]},&quot;gap_mobile&quot;:{&quot;unit&quot;:&quot;px&quot;,&quot;size&quot;:10,&quot;sizes&quot;:[]},&quot;aspect_ratio&quot;:&quot;3:2&quot;}\" data-widget_type=\"gallery.default\">\n\t\t\t\t<div class=\"elementor-widget-container\">\n\t\t\t\t\t\t\t<div class=\"elementor-gallery__container\">\n\t\t\t\t\t\t\t<div class=\"e-gallery-item elementor-gallery-item\">\n\t\t\t\t\t<div class=\"e-gallery-image elementor-gallery-item__image\" data-thumbnail=\"https:\/\/estancialagloria.com\/wp-content\/uploads\/2022\/10\/Captura10.png\" data-width=\"990\" data-height=\"658\" aria-label=\"\" role=\"img\" ><\/div>\n\t\t\t\t\t\t\t\t\t\t\t\t\t\t<\/div>\n\t\t\t\t\t\t\t<div class=\"e-gallery-item elementor-gallery-item\">\n\t\t\t\t\t<div class=\"e-gallery-image elementor-gallery-item__image\" data-thumbnail=\"https:\/\/estancialagloria.com\/wp-content\/uploads\/2022\/10\/Captura9.png\" data-width=\"983\" data-height=\"654\" aria-label=\"\" role=\"img\" ><\/div>\n\t\t\t\t\t\t\t\t\t\t\t\t\t\t<\/div>\n\t\t\t\t\t\t\t<div class=\"e-gallery-item elementor-gallery-item\">\n\t\t\t\t\t<div class=\"e-gallery-image elementor-gallery-item__image\" data-thumbnail=\"https:\/\/estancialagloria.com\/wp-content\/uploads\/2022\/10\/Captura8.png\" data-width=\"984\" data-height=\"649\" aria-label=\"\" role=\"img\" ><\/div>\n\t\t\t\t\t\t\t\t\t\t\t\t\t\t<\/div>\n\t\t\t\t\t\t\t<div class=\"e-gallery-item elementor-gallery-item\">\n\t\t\t\t\t<div class=\"e-gallery-image elementor-gallery-item__image\" data-thumbnail=\"https:\/\/estancialagloria.com\/wp-content\/uploads\/2022\/10\/Captura7.png\" data-width=\"986\" data-height=\"647\" aria-label=\"\" role=\"img\" ><\/div>\n\t\t\t\t\t\t\t\t\t\t\t\t\t\t<\/div>\n\t\t\t\t\t\t\t<div class=\"e-gallery-item elementor-gallery-item\">\n\t\t\t\t\t<div class=\"e-gallery-image elementor-gallery-item__image\" data-thumbnail=\"https:\/\/estancialagloria.com\/wp-content\/uploads\/2022\/10\/Captura6-1.png\" data-width=\"989\" data-height=\"641\" aria-label=\"\" role=\"img\" ><\/div>\n\t\t\t\t\t\t\t\t\t\t\t\t\t\t<\/div>\n\t\t\t\t\t\t\t<div class=\"e-gallery-item elementor-gallery-item\">\n\t\t\t\t\t<div class=\"e-gallery-image elementor-gallery-item__image\" data-thumbnail=\"https:\/\/estancialagloria.com\/wp-content\/uploads\/2022\/10\/Captura5.png\" data-width=\"988\" data-height=\"632\" aria-label=\"\" role=\"img\" ><\/div>\n\t\t\t\t\t\t\t\t\t\t\t\t\t\t<\/div>\n\t\t\t\t\t\t\t<div class=\"e-gallery-item elementor-gallery-item\">\n\t\t\t\t\t<div class=\"e-gallery-image elementor-gallery-item__image\" data-thumbnail=\"https:\/\/estancialagloria.com\/wp-content\/uploads\/2022\/10\/Captura4.png\" data-width=\"987\" data-height=\"657\" aria-label=\"\" role=\"img\" ><\/div>\n\t\t\t\t\t\t\t\t\t\t\t\t\t\t<\/div>\n\t\t\t\t\t\t\t<div class=\"e-gallery-item elementor-gallery-item\">\n\t\t\t\t\t<div class=\"e-gallery-image elementor-gallery-item__image\" data-thumbnail=\"https:\/\/estancialagloria.com\/wp-content\/uploads\/2022\/10\/Captura3.png\" data-width=\"989\" data-height=\"645\" aria-label=\"\" role=\"img\" ><\/div>\n\t\t\t\t\t\t\t\t\t\t\t\t\t\t<\/div>\n\t\t\t\t\t<\/div>\n\t\t\t\t\t<\/div>\n\t\t\t\t<\/div>\n\t\t\t\t\t<\/div>\n\t\t<\/div>\n\t\t\t\t\t<\/div>\n\t\t<\/section>\n\t\t\t\t<\/div>\n\t\t","protected":false},"excerpt":{"rendered":"<p>GANADER\u00cdA CONOCE C\u00d3MO TRABAJAMOS EL GANADO GANADER\u00cdA Engorde de vacunos. Actualmente en Agropecuar\u00eda Puerto Gomez no se trabaja con ganado de cr\u00eda. Sino que se compran terneros y vacas de productores locales y lo que se realiza es el engorde de estos animales. El proceso de engorde se realiza a pasto. Las pasturas est\u00e1n compuestas [&hellip;]<\/p>\n","protected":false},"author":1,"featured_media":0,"parent":0,"menu_order":0,"comment_status":"closed","ping_status":"closed","template":"elementor_header_footer","meta":{"_monsterinsights_skip_tracking":false,"_monsterinsights_sitenote_active":false,"_monsterinsights_sitenote_note":"","_monsterinsights_sitenote_category":0,"footnotes":""},"class_list":["post-33","page","type-page","status-publish","hentry","entry"],"aioseo_notices":[],"_links":{"self":[{"href":"https:\/\/estancialagloria.com\/index.php\/wp-json\/wp\/v2\/pages\/33","targetHints":{"allow":["GET"]}}],"collection":[{"href":"https:\/\/estancialagloria.com\/index.php\/wp-json\/wp\/v2\/pages"}],"about":[{"href":"https:\/\/estancialagloria.com\/index.php\/wp-json\/wp\/v2\/types\/page"}],"author":[{"embeddable":true,"href":"https:\/\/estancialagloria.com\/index.php\/wp-json\/wp\/v2\/users\/1"}],"replies":[{"embeddable":true,"href":"https:\/\/estancialagloria.com\/index.php\/wp-json\/wp\/v2\/comments?post=33"}],"version-history":[{"count":70,"href":"https:\/\/estancialagloria.com\/index.php\/wp-json\/wp\/v2\/pages\/33\/revisions"}],"predecessor-version":[{"id":732,"href":"https:\/\/estancialagloria.com\/index.php\/wp-json\/wp\/v2\/pages\/33\/revisions\/732"}],"wp:attachment":[{"href":"https:\/\/estancialagloria.com\/index.php\/wp-json\/wp\/v2\/media?parent=33"}],"curies":[{"name":"wp","href":"https:\/\/api.w.org\/{rel}","templated":true}]}}